{"id":32,"date":"2022-11-05T15:36:23","date_gmt":"2022-11-05T14:36:23","guid":{"rendered":"https:\/\/www.gastro-rampe.ch\/?page_id=32"},"modified":"2025-02-26T12:59:55","modified_gmt":"2025-02-26T11:59:55","slug":"dienstleistungen","status":"publish","type":"page","link":"https:\/\/gastrorampe.ch\/staging\/dienstleistungen\/","title":{"rendered":"Dienstleistungen"},"content":{"rendered":"\n\n\t<section class=\"section\" id=\"section_1650651897\">\n\t\t<div class=\"section-bg fill\" >\n\t\t\t\t\t\t\t\t\t\n\t\t\t\n\n\t\t<\/div>\n\n\t\t\n\n\t\t<div class=\"section-content relative\">\n\t\t\t\n\n\t<div class=\"img has-hover x md-x lg-x y md-y lg-y\" id=\"image_700762880\">\n\t\t\t\t\t\t\t\t<div class=\"img-inner dark\" >\n\t\t\t<img loading=\"lazy\" decoding=\"async\" width=\"2560\" height=\"640\" src=\"https:\/\/gastrorampe.ch\/staging\/wp-content\/uploads\/2023\/02\/GastroRampe-Dienstleistung.jpg\" class=\"attachment-original size-original\" alt=\"\" srcset=\"https:\/\/gastrorampe.ch\/staging\/wp-content\/uploads\/2023\/02\/GastroRampe-Dienstleistung.jpg 2560w, https:\/\/gastrorampe.ch\/staging\/wp-content\/uploads\/2023\/02\/GastroRampe-Dienstleistung-300x75.jpg 300w, https:\/\/gastrorampe.ch\/staging\/wp-content\/uploads\/2023\/02\/GastroRampe-Dienstleistung-1024x256.jpg 1024w, https:\/\/gastrorampe.ch\/staging\/wp-content\/uploads\/2023\/02\/GastroRampe-Dienstleistung-768x192.jpg 768w, https:\/\/gastrorampe.ch\/staging\/wp-content\/uploads\/2023\/02\/GastroRampe-Dienstleistung-1536x384.jpg 1536w, https:\/\/gastrorampe.ch\/staging\/wp-content\/uploads\/2023\/02\/GastroRampe-Dienstleistung-2048x512.jpg 2048w, https:\/\/gastrorampe.ch\/staging\/wp-content\/uploads\/2023\/02\/GastroRampe-Dienstleistung-600x150.jpg 600w\" sizes=\"auto, (max-width: 2560px) 100vw, 2560px\" \/>\t\t\t\t\t\t\n\t\t\t\t\t<\/div>\n\t\t\t\t\t\t\t\t\n<style>\n#image_700762880 {\n  width: 100%;\n}\n<\/style>\n\t<\/div>\n\t\n\n\t<div id=\"gap-1675705825\" class=\"gap-element clearfix\" style=\"display:block; height:auto;\">\n\t\t\n<style>\n#gap-1675705825 {\n  padding-top: 30px;\n}\n<\/style>\n\t<\/div>\n\t\n\n\n\t\t<\/div>\n\n\t\t\n<style>\n#section_1650651897 {\n  padding-top: 0px;\n  padding-bottom: 0px;\n}\n<\/style>\n\t<\/section>\n\t\n\n<div class=\"container section-title-container hide-for-small\" ><h1 class=\"section-title section-title-center\"><b aria-hidden=\"true\"><\/b><span class=\"section-title-main\" style=\"font-size:150%;color:rgb(107, 21, 149);\">Das tun Wir<\/span><b aria-hidden=\"true\"><\/b><\/h1><\/div>\n\n<div class=\"container section-title-container show-for-small\" ><h1 class=\"section-title section-title-center\"><b aria-hidden=\"true\"><\/b><span class=\"section-title-main\" style=\"font-size:125%;color:rgb(107, 21, 149);\">Das tun Wir<\/span><b aria-hidden=\"true\"><\/b><\/h1><\/div>\n\n\n\t<section class=\"section\" id=\"section_1879352757\">\n\t\t<div class=\"section-bg fill\" >\n\t\t\t\t\t\t\t\t\t\n\t\t\t\n\n\t\t<\/div>\n\n\t\t\n\n\t\t<div class=\"section-content relative\">\n\t\t\t\n\n<div class=\"row\"  id=\"row-1168514002\">\n\n\n\t<div id=\"col-1791778502\" class=\"col hide-for-medium medium-3 small-12 large-3\"  >\n\t\t\t\t<div class=\"col-inner\"  >\n\t\t\t\n\t\t\t\n\n\n\t\t<\/div>\n\t\t\t\t\t<\/div>\n\n\t\n\n\n\t<div id=\"col-1080915140\" class=\"col medium-12 small-12 large-6\"  >\n\t\t\t\t<div class=\"col-inner\"  >\n\t\t\t\n\t\t\t\n\n\t<div id=\"text-1586072152\" class=\"text\">\n\t\t\n\n<p>Als kompetenter Partner im Occasionshandel f\u00fcr die Gastronomie haben wir uns der Nachhaltigkeit verschrieben. Wir sind spezialisiert auf den Handel von guterhaltenem Occasionsmaterial f\u00fcr die Gastronomie und die Hotellerie.<\/p>\n<p>Gute Qualit\u00e4t zu einem fairen Preis ist dabei unser h\u00f6chstes Gebot. Auf die individuelle Beratung der verschiedenen Bed\u00fcrfnisse unserer Kunden legen wir sehr grossen Wert.<\/p>\n<p>Haben wir nicht die gesuchten Artikel im Angebot, sind wir bestrebt Dir in Zusammenarbeit mit unseren Partnern, neue oder neuwertige Artikel anzubieten.<\/p>\n\t\t\n<style>\n#text-1586072152 {\n  font-size: 1.1rem;\n}\n<\/style>\n\t<\/div>\n\t\n\n\t\t<\/div>\n\t\t\t\t\n<style>\n#col-1080915140 > .col-inner {\n  margin: -30px 0px 0px 0px;\n}\n<\/style>\n\t<\/div>\n\n\t\n\n\t<div id=\"col-1990981390\" class=\"col hide-for-medium medium-3 small-12 large-3\"  >\n\t\t\t\t<div class=\"col-inner\"  >\n\t\t\t\n\t\t\t\n\n\n\t\t<\/div>\n\t\t\t\t\t<\/div>\n\n\t\n\n<\/div>\n<div class=\"row\"  id=\"row-2089269699\">\n\n\n\t<div id=\"col-865880454\" class=\"col hide-for-medium medium-2 small-12 large-2\"  >\n\t\t\t\t<div class=\"col-inner\"  >\n\t\t\t\n\t\t\t\n\n\n\t\t<\/div>\n\t\t\t\t\t<\/div>\n\n\t\n\n\t<div id=\"col-1604394492\" class=\"col medium-3 small-6 large-2\"  >\n\t\t\t\t<div class=\"col-inner\"  >\n\t\t\t\n\t\t\t\n\n\t<div class=\"img has-hover x md-x lg-x y md-y lg-y\" id=\"image_1600230595\">\n\t\t<a class=\"\" href=\"https:\/\/gastrorampe.ch\/staging\/staging\/inventarverkauf\/\" >\t\t\t\t\t\t<div class=\"img-inner dark\" >\n\t\t\t<img loading=\"lazy\" decoding=\"async\" width=\"500\" height=\"500\" src=\"https:\/\/gastrorampe.ch\/staging\/wp-content\/uploads\/2023\/09\/Button-Inventarverkauf.jpg\" class=\"attachment-original size-original\" alt=\"\" srcset=\"https:\/\/gastrorampe.ch\/staging\/wp-content\/uploads\/2023\/09\/Button-Inventarverkauf.jpg 500w, https:\/\/gastrorampe.ch\/staging\/wp-content\/uploads\/2023\/09\/Button-Inventarverkauf-300x300.jpg 300w, https:\/\/gastrorampe.ch\/staging\/wp-content\/uploads\/2023\/09\/Button-Inventarverkauf-150x150.jpg 150w, https:\/\/gastrorampe.ch\/staging\/wp-content\/uploads\/2023\/09\/Button-Inventarverkauf-250x250.jpg 250w, https:\/\/gastrorampe.ch\/staging\/wp-content\/uploads\/2023\/09\/Button-Inventarverkauf-100x100.jpg 100w\" sizes=\"auto, (max-width: 500px) 100vw, 500px\" \/>\t\t\t\t\t\t\n\t\t\t\t\t<\/div>\n\t\t\t\t\t\t<\/a>\t\t\n<style>\n#image_1600230595 {\n  width: 100%;\n}\n<\/style>\n\t<\/div>\n\t\n\n\n\t\t<\/div>\n\t\t\t\t\t<\/div>\n\n\t\n\n\t<div id=\"col-737818882\" class=\"col medium-3 small-6 large-2\"  >\n\t\t\t\t<div class=\"col-inner\"  >\n\t\t\t\n\t\t\t\n\n\t<div class=\"img has-hover x md-x lg-x y md-y lg-y\" id=\"image_1177548137\">\n\t\t<a class=\"\" href=\"https:\/\/gastrorampe.ch\/staging\/staging\/reparatur-und-service\/\" >\t\t\t\t\t\t<div class=\"img-inner dark\" >\n\t\t\t<img loading=\"lazy\" decoding=\"async\" width=\"500\" height=\"500\" src=\"https:\/\/gastrorampe.ch\/staging\/wp-content\/uploads\/2023\/09\/Button-Reparatur-und-Service.jpg\" class=\"attachment-original size-original\" alt=\"\" srcset=\"https:\/\/gastrorampe.ch\/staging\/wp-content\/uploads\/2023\/09\/Button-Reparatur-und-Service.jpg 500w, https:\/\/gastrorampe.ch\/staging\/wp-content\/uploads\/2023\/09\/Button-Reparatur-und-Service-300x300.jpg 300w, https:\/\/gastrorampe.ch\/staging\/wp-content\/uploads\/2023\/09\/Button-Reparatur-und-Service-150x150.jpg 150w, https:\/\/gastrorampe.ch\/staging\/wp-content\/uploads\/2023\/09\/Button-Reparatur-und-Service-250x250.jpg 250w, https:\/\/gastrorampe.ch\/staging\/wp-content\/uploads\/2023\/09\/Button-Reparatur-und-Service-100x100.jpg 100w\" sizes=\"auto, (max-width: 500px) 100vw, 500px\" \/>\t\t\t\t\t\t\n\t\t\t\t\t<\/div>\n\t\t\t\t\t\t<\/a>\t\t\n<style>\n#image_1177548137 {\n  width: 100%;\n}\n<\/style>\n\t<\/div>\n\t\n\n\n\t\t<\/div>\n\t\t\t\t\t<\/div>\n\n\t\n\n\t<div id=\"col-1779941109\" class=\"col medium-3 small-6 large-2\"  >\n\t\t\t\t<div class=\"col-inner\"  >\n\t\t\t\n\t\t\t\n\n\t<div class=\"img has-hover x md-x lg-x y md-y lg-y\" id=\"image_1140046841\">\n\t\t<a class=\"\" href=\"https:\/\/gastrorampe.ch\/staging\/staging\/vermietung\/\" >\t\t\t\t\t\t<div class=\"img-inner dark\" >\n\t\t\t<img loading=\"lazy\" decoding=\"async\" width=\"500\" height=\"500\" src=\"https:\/\/gastrorampe.ch\/staging\/wp-content\/uploads\/2023\/09\/Button-Vermietung.jpg\" class=\"attachment-original size-original\" alt=\"\" srcset=\"https:\/\/gastrorampe.ch\/staging\/wp-content\/uploads\/2023\/09\/Button-Vermietung.jpg 500w, https:\/\/gastrorampe.ch\/staging\/wp-content\/uploads\/2023\/09\/Button-Vermietung-300x300.jpg 300w, https:\/\/gastrorampe.ch\/staging\/wp-content\/uploads\/2023\/09\/Button-Vermietung-150x150.jpg 150w, https:\/\/gastrorampe.ch\/staging\/wp-content\/uploads\/2023\/09\/Button-Vermietung-250x250.jpg 250w, https:\/\/gastrorampe.ch\/staging\/wp-content\/uploads\/2023\/09\/Button-Vermietung-100x100.jpg 100w\" sizes=\"auto, (max-width: 500px) 100vw, 500px\" \/>\t\t\t\t\t\t\n\t\t\t\t\t<\/div>\n\t\t\t\t\t\t<\/a>\t\t\n<style>\n#image_1140046841 {\n  width: 100%;\n}\n<\/style>\n\t<\/div>\n\t\n\n\n\t\t<\/div>\n\t\t\t\t\t<\/div>\n\n\t\n\n\t<div id=\"col-2134519086\" class=\"col medium-3 small-6 large-2\"  >\n\t\t\t\t<div class=\"col-inner\"  >\n\t\t\t\n\t\t\t\n\n\t<div class=\"img has-hover x md-x lg-x y md-y lg-y\" id=\"image_42880626\">\n\t\t<a class=\"\" href=\"https:\/\/gastrorampe.ch\/staging\/staging\/inventarbewertung\/\" >\t\t\t\t\t\t<div class=\"img-inner dark\" >\n\t\t\t<img loading=\"lazy\" decoding=\"async\" width=\"500\" height=\"500\" src=\"https:\/\/gastrorampe.ch\/staging\/wp-content\/uploads\/2023\/09\/Button-Inventarbewertung.jpg\" class=\"attachment-original size-original\" alt=\"\" srcset=\"https:\/\/gastrorampe.ch\/staging\/wp-content\/uploads\/2023\/09\/Button-Inventarbewertung.jpg 500w, https:\/\/gastrorampe.ch\/staging\/wp-content\/uploads\/2023\/09\/Button-Inventarbewertung-300x300.jpg 300w, https:\/\/gastrorampe.ch\/staging\/wp-content\/uploads\/2023\/09\/Button-Inventarbewertung-150x150.jpg 150w, https:\/\/gastrorampe.ch\/staging\/wp-content\/uploads\/2023\/09\/Button-Inventarbewertung-250x250.jpg 250w, https:\/\/gastrorampe.ch\/staging\/wp-content\/uploads\/2023\/09\/Button-Inventarbewertung-100x100.jpg 100w\" sizes=\"auto, (max-width: 500px) 100vw, 500px\" \/>\t\t\t\t\t\t\n\t\t\t\t\t<\/div>\n\t\t\t\t\t\t<\/a>\t\t\n<style>\n#image_42880626 {\n  width: 100%;\n}\n<\/style>\n\t<\/div>\n\t\n\n\n\t\t<\/div>\n\t\t\t\t\t<\/div>\n\n\t\n\n\t<div id=\"col-1249129781\" class=\"col hide-for-medium medium-2 small-6 large-2\"  >\n\t\t\t\t<div class=\"col-inner\"  >\n\t\t\t\n\t\t\t\n\n\n\t\t<\/div>\n\t\t\t\t\t<\/div>\n\n\t\n\n<\/div>\n<div class=\"container section-title-container hidden\" ><h2 class=\"section-title section-title-center\"><b aria-hidden=\"true\"><\/b><span class=\"section-title-main\" style=\"font-size:150%;color:rgb(107, 21, 149);\">Inventarankauf | Objektr\u00e4umung<\/span><b aria-hidden=\"true\"><\/b><\/h2><\/div>\n\n\n<div class=\"container section-title-container hidden\" ><h2 class=\"section-title section-title-center\"><b aria-hidden=\"true\"><\/b><span class=\"section-title-main\" style=\"font-size:150%;color:rgb(107, 21, 149);\">Inventarbewertung<\/span><b aria-hidden=\"true\"><\/b><\/h2><\/div>\n\n\n<div class=\"container section-title-container hidden\" ><h2 class=\"section-title section-title-center\"><b aria-hidden=\"true\"><\/b><span class=\"section-title-main\" style=\"font-size:150%;color:rgb(107, 21, 149);\">Vermietung<\/span><b aria-hidden=\"true\"><\/b><\/h2><\/div>\n\n\n<div class=\"container section-title-container hidden\" ><h2 class=\"section-title section-title-center\"><b aria-hidden=\"true\"><\/b><span class=\"section-title-main\" style=\"font-size:150%;color:rgb(107, 21, 149);\">Reparatur- und Servicepartner<\/span><b aria-hidden=\"true\"><\/b><\/h2><\/div>\n\n\n\n\t\t<\/div>\n\n\t\t\n<style>\n#section_1879352757 {\n  padding-top: 30px;\n  padding-bottom: 30px;\n}\n<\/style>\n\t<\/section>\n\t\n\n\n\n","protected":false},"excerpt":{"rendered":"","protected":false},"author":1,"featured_media":0,"parent":0,"menu_order":0,"comment_status":"closed","ping_status":"closed","template":"page-blank.php","meta":{"om_disable_all_campaigns":false,"footnotes":""},"class_list":["post-32","page","type-page","status-publish","hentry"],"aioseo_notices":[],"_links":{"self":[{"href":"https:\/\/gastrorampe.ch\/staging\/wp-json\/wp\/v2\/pages\/32","targetHints":{"allow":["GET"]}}],"collection":[{"href":"https:\/\/gastrorampe.ch\/staging\/wp-json\/wp\/v2\/pages"}],"about":[{"href":"https:\/\/gastrorampe.ch\/staging\/wp-json\/wp\/v2\/types\/page"}],"author":[{"embeddable":true,"href":"https:\/\/gastrorampe.ch\/staging\/wp-json\/wp\/v2\/users\/1"}],"replies":[{"embeddable":true,"href":"https:\/\/gastrorampe.ch\/staging\/wp-json\/wp\/v2\/comments?post=32"}],"version-history":[{"count":125,"href":"https:\/\/gastrorampe.ch\/staging\/wp-json\/wp\/v2\/pages\/32\/revisions"}],"predecessor-version":[{"id":8838,"href":"https:\/\/gastrorampe.ch\/staging\/wp-json\/wp\/v2\/pages\/32\/revisions\/8838"}],"wp:attachment":[{"href":"https:\/\/gastrorampe.ch\/staging\/wp-json\/wp\/v2\/media?parent=32"}],"curies":[{"name":"wp","href":"https:\/\/api.w.org\/{rel}","templated":true}]}}