{"id":4043,"date":"2023-08-22T16:49:05","date_gmt":"2023-08-22T14:49:05","guid":{"rendered":"https:\/\/www.gastrorampe.ch\/?page_id=4043"},"modified":"2025-02-26T13:06:48","modified_gmt":"2025-02-26T12:06:48","slug":"reparatur-und-service","status":"publish","type":"page","link":"https:\/\/gastrorampe.ch\/staging\/reparatur-und-service\/","title":{"rendered":"Reparatur und Service"},"content":{"rendered":"\n\n\t<section class=\"section\" id=\"section_786880498\">\n\t\t<div class=\"section-bg fill\" >\n\t\t\t\t\t\t\t\t\t\n\t\t\t\n\n\t\t<\/div>\n\n\t\t\n\n\t\t<div class=\"section-content relative\">\n\t\t\t\n\n\t<div class=\"img has-hover x md-x lg-x y md-y lg-y\" id=\"image_2042549591\">\n\t\t\t\t\t\t\t\t<div class=\"img-inner dark\" >\n\t\t\t<img loading=\"lazy\" decoding=\"async\" width=\"2560\" height=\"640\" src=\"https:\/\/gastrorampe.ch\/staging\/wp-content\/uploads\/2023\/02\/GastroRampe-Dienstleistung.jpg\" class=\"attachment-original size-original\" alt=\"\" srcset=\"https:\/\/gastrorampe.ch\/staging\/wp-content\/uploads\/2023\/02\/GastroRampe-Dienstleistung.jpg 2560w, https:\/\/gastrorampe.ch\/staging\/wp-content\/uploads\/2023\/02\/GastroRampe-Dienstleistung-300x75.jpg 300w, https:\/\/gastrorampe.ch\/staging\/wp-content\/uploads\/2023\/02\/GastroRampe-Dienstleistung-1024x256.jpg 1024w, https:\/\/gastrorampe.ch\/staging\/wp-content\/uploads\/2023\/02\/GastroRampe-Dienstleistung-768x192.jpg 768w, https:\/\/gastrorampe.ch\/staging\/wp-content\/uploads\/2023\/02\/GastroRampe-Dienstleistung-1536x384.jpg 1536w, https:\/\/gastrorampe.ch\/staging\/wp-content\/uploads\/2023\/02\/GastroRampe-Dienstleistung-2048x512.jpg 2048w, https:\/\/gastrorampe.ch\/staging\/wp-content\/uploads\/2023\/02\/GastroRampe-Dienstleistung-600x150.jpg 600w\" sizes=\"auto, (max-width: 2560px) 100vw, 2560px\" \/>\t\t\t\t\t\t\n\t\t\t\t\t<\/div>\n\t\t\t\t\t\t\t\t\n<style>\n#image_2042549591 {\n  width: 100%;\n}\n<\/style>\n\t<\/div>\n\t\n\n\t<div id=\"gap-378274444\" class=\"gap-element clearfix\" style=\"display:block; height:auto;\">\n\t\t\n<style>\n#gap-378274444 {\n  padding-top: 30px;\n}\n<\/style>\n\t<\/div>\n\t\n\n\n\t\t<\/div>\n\n\t\t\n<style>\n#section_786880498 {\n  padding-top: 0px;\n  padding-bottom: 0px;\n}\n<\/style>\n\t<\/section>\n\t\n\n\t<section class=\"section\" id=\"section_459107648\">\n\t\t<div class=\"section-bg fill\" >\n\t\t\t\t\t\t\t\t\t\n\t\t\t\n\n\t\t<\/div>\n\n\t\t\n\n\t\t<div class=\"section-content relative\">\n\t\t\t\n\n<div class=\"container section-title-container hide-for-small\" ><h1 class=\"section-title section-title-center\"><b aria-hidden=\"true\"><\/b><span class=\"section-title-main\" style=\"font-size:150%;color:rgb(107, 21, 149);\">Ihr verl\u00e4sslicher Servicepartner<\/span><b aria-hidden=\"true\"><\/b><\/h1><\/div>\n\n<div class=\"container section-title-container show-for-small\" ><h1 class=\"section-title section-title-center\"><b aria-hidden=\"true\"><\/b><span class=\"section-title-main\" style=\"font-size:125%;color:rgb(107, 21, 149);\">Ihr verl\u00e4sslicher Servicepartner<\/span><b aria-hidden=\"true\"><\/b><\/h1><\/div>\n\n\n\t\t<\/div>\n\n\t\t\n<style>\n#section_459107648 {\n  padding-top: 30px;\n  padding-bottom: 30px;\n}\n<\/style>\n\t<\/section>\n\t\n\n\t<section class=\"section\" id=\"section_1155496000\">\n\t\t<div class=\"section-bg fill\" >\n\t\t\t\t\t\t\t\t\t\n\t\t\t\n\n\t\t<\/div>\n\n\t\t\n\n\t\t<div class=\"section-content relative\">\n\t\t\t\n\n<div class=\"row\"  id=\"row-345638168\">\n\n\n\t<div id=\"col-1257592249\" class=\"col small-12 large-12\"  >\n\t\t\t\t<div class=\"col-inner\"  >\n\t\t\t\n\t\t\t\n\n\t<div id=\"gap-1750637340\" class=\"gap-element clearfix hide-for-medium\" style=\"display:block; height:auto;\">\n\t\t\n<style>\n#gap-1750637340 {\n  padding-top: 30px;\n}\n<\/style>\n\t<\/div>\n\t\n\n<div class=\"row\"  id=\"row-109755628\">\n\n\n\t<div id=\"col-1030611087\" class=\"col hide-for-medium medium-3 small-6 large-3\"  >\n\t\t\t\t<div class=\"col-inner\"  >\n\t\t\t\n\t\t\t\n\n\n\t\t<\/div>\n\t\t\t\t\t<\/div>\n\n\t\n\n\t<div id=\"col-1946353088\" class=\"col medium-12 small-12 large-6\"  >\n\t\t\t\t<div class=\"col-inner\"  >\n\t\t\t\n\t\t\t\n\n<div class=\"text-center\"><div class=\"is-divider divider clearfix\" style=\"max-width:100%;height:2px;background-color:rgb(125, 13, 153);\"><\/div><\/div>\n\n\t<div id=\"gap-1309816768\" class=\"gap-element clearfix hide-for-medium\" style=\"display:block; height:auto;\">\n\t\t\n<style>\n#gap-1309816768 {\n  padding-top: 30px;\n}\n<\/style>\n\t<\/div>\n\t\n\n\n\t\t<\/div>\n\t\t\t\t\t<\/div>\n\n\t\n\n\t<div id=\"col-1970148698\" class=\"col hide-for-medium medium-3 small-6 large-3\"  >\n\t\t\t\t<div class=\"col-inner\"  >\n\t\t\t\n\t\t\t\n\n\n\t\t<\/div>\n\t\t\t\t\t<\/div>\n\n\t\n\n<\/div>\n\n\t\t<\/div>\n\t\t\t\t\t<\/div>\n\n\t\n\n<\/div>\n<div class=\"row\"  id=\"row-1872363466\">\n\n\n\t<div id=\"col-644996035\" class=\"col hide-for-medium medium-3 small-12 large-3\"  >\n\t\t\t\t<div class=\"col-inner\"  >\n\t\t\t\n\t\t\t\n\n\n\t\t<\/div>\n\t\t\t\t\t<\/div>\n\n\t\n\n\t<div id=\"col-1676321485\" class=\"col medium-6 small-12 large-2\"  >\n\t\t\t\t<div class=\"col-inner\"  >\n\t\t\t\n\t\t\t\n\n\t<div class=\"img has-hover x md-x lg-x y md-y lg-y\" id=\"image_2139680724\">\n\t\t\t\t\t\t\t\t<div class=\"img-inner dark\" >\n\t\t\t<img loading=\"lazy\" decoding=\"async\" width=\"500\" height=\"500\" src=\"https:\/\/gastrorampe.ch\/staging\/wp-content\/uploads\/2023\/09\/Button-Reparatur-und-Service.jpg\" class=\"attachment-original size-original\" alt=\"\" srcset=\"https:\/\/gastrorampe.ch\/staging\/wp-content\/uploads\/2023\/09\/Button-Reparatur-und-Service.jpg 500w, https:\/\/gastrorampe.ch\/staging\/wp-content\/uploads\/2023\/09\/Button-Reparatur-und-Service-300x300.jpg 300w, https:\/\/gastrorampe.ch\/staging\/wp-content\/uploads\/2023\/09\/Button-Reparatur-und-Service-150x150.jpg 150w, https:\/\/gastrorampe.ch\/staging\/wp-content\/uploads\/2023\/09\/Button-Reparatur-und-Service-250x250.jpg 250w, https:\/\/gastrorampe.ch\/staging\/wp-content\/uploads\/2023\/09\/Button-Reparatur-und-Service-100x100.jpg 100w\" sizes=\"auto, (max-width: 500px) 100vw, 500px\" \/>\t\t\t\t\t\t\n\t\t\t\t\t<\/div>\n\t\t\t\t\t\t\t\t\n<style>\n#image_2139680724 {\n  width: 100%;\n}\n<\/style>\n\t<\/div>\n\t\n\n\n\t\t<\/div>\n\t\t\t\t\t<\/div>\n\n\t\n\n\t<div id=\"col-784114901\" class=\"col medium-6 small-12 large-4\"  >\n\t\t\t\t<div class=\"col-inner\"  >\n\t\t\t\n\t\t\t\n\n\t<div id=\"text-2058252916\" class=\"text\">\n\t\t\n\n<p>F\u00fcr Reparaturen und Serviceleistungen von g\u00e4nglichen Gastronomie-Maschinen und Apparaten sind wir ein kompetenter und zuverl\u00e4ssiger Partner.<\/p>\n<p>Je nach Marke und Modell sind wir in der Lage, vollst\u00e4ndige Reparatur- und Serviceleistungen zu attraktiven Konditionen auszuf\u00fchren.<\/p>\n<p>St\u00f6rungsanalysen, Ger\u00e4tinspektion und Reinigungsarbeiten werden nach Aufwand verrechnet.<\/p>\n<p>Z\u00f6gere nicht, uns anzurufen! Wir werden auf jeden Fall unser Bestes geben und nach der besten L\u00f6sung f\u00fcr Dich suchen.<\/p>\n\t\t\n<style>\n#text-2058252916 {\n  font-size: 1.1rem;\n}\n<\/style>\n\t<\/div>\n\t\n<a href=\"https:\/\/gastrorampe.ch\/staging\/staging\/kontakt\" class=\"button primary is-outline\" >\n\t\t<span>Kontakt<\/span>\n\t<\/a>\n\n\n\n\t\t<\/div>\n\t\t\t\t\t<\/div>\n\n\t\n\n\t<div id=\"col-1072051413\" class=\"col hide-for-medium medium-3 small-6 large-3\"  >\n\t\t\t\t<div class=\"col-inner\"  >\n\t\t\t\n\t\t\t\n\n\n\t\t<\/div>\n\t\t\t\t\t<\/div>\n\n\t\n\n<\/div>\n\n\t\t<\/div>\n\n\t\t\n<style>\n#section_1155496000 {\n  padding-top: 30px;\n  padding-bottom: 30px;\n}\n<\/style>\n\t<\/section>\n\t\n\n","protected":false},"excerpt":{"rendered":"","protected":false},"author":1,"featured_media":0,"parent":0,"menu_order":0,"comment_status":"closed","ping_status":"closed","template":"","meta":{"om_disable_all_campaigns":false,"footnotes":""},"class_list":["post-4043","page","type-page","status-publish","hentry"],"aioseo_notices":[],"_links":{"self":[{"href":"https:\/\/gastrorampe.ch\/staging\/wp-json\/wp\/v2\/pages\/4043","targetHints":{"allow":["GET"]}}],"collection":[{"href":"https:\/\/gastrorampe.ch\/staging\/wp-json\/wp\/v2\/pages"}],"about":[{"href":"https:\/\/gastrorampe.ch\/staging\/wp-json\/wp\/v2\/types\/page"}],"author":[{"embeddable":true,"href":"https:\/\/gastrorampe.ch\/staging\/wp-json\/wp\/v2\/users\/1"}],"replies":[{"embeddable":true,"href":"https:\/\/gastrorampe.ch\/staging\/wp-json\/wp\/v2\/comments?post=4043"}],"version-history":[{"count":11,"href":"https:\/\/gastrorampe.ch\/staging\/wp-json\/wp\/v2\/pages\/4043\/revisions"}],"predecessor-version":[{"id":8846,"href":"https:\/\/gastrorampe.ch\/staging\/wp-json\/wp\/v2\/pages\/4043\/revisions\/8846"}],"wp:attachment":[{"href":"https:\/\/gastrorampe.ch\/staging\/wp-json\/wp\/v2\/media?parent=4043"}],"curies":[{"name":"wp","href":"https:\/\/api.w.org\/{rel}","templated":true}]}}